{"id":26493,"date":"2019-04-25T07:46:38","date_gmt":"2019-04-25T07:46:38","guid":{"rendered":"https:\/\/sabineroidl.de\/?page_id=26493"},"modified":"2025-11-22T18:00:36","modified_gmt":"2025-11-22T18:00:36","slug":"ueber-mich","status":"publish","type":"page","link":"https:\/\/sabineroidl.de\/bilder_\/ueber-mich","title":{"rendered":"\u00dcber mich"},"content":{"rendered":"<div class=\"wpb-content-wrapper\"><p>[vc_row row_type=&#8220;row&#8220; use_row_as_full_screen_section=&#8220;no&#8220; type=&#8220;full_width&#8220; text_align=&#8220;left&#8220; background_animation=&#8220;none&#8220; css_animation=&#8220;&#8220;][vc_column width=&#8220;1\/3&#8243;][vc_single_image image=&#8220;27840&#8243; img_size=&#8220;full&#8220; alignment=&#8220;center&#8220; css=&#8220;&#8220; qode_css_animation=&#8220;&#8220;][\/vc_column][vc_column width=&#8220;1\/12&#8243;][vc_column_text][\/vc_column_text][\/vc_column][vc_column width=&#8220;7\/12&#8243;][vc_column_text css=&#8220;&#8220;]Mein Name ist Sabine Roidl, ich bin Illustratorin und Autorin;<br \/>\nHandwerkerin und Dienstleisterin f\u00fcr sch\u00f6ne Bilder und Geschichten.<\/p>\n<p>Darin geht es um gro\u00dfe Lebensfragen, gebettet in beschauliche Szenerien. Ich will \u00fcber alles schreiben und zeichnen, was mich ber\u00fchrt, verst\u00f6rt oder neugierig macht.<\/p>\n<p>&nbsp;<\/p>\n<p>&nbsp;<\/p>\n<p>1973 wurde ich in Amberg geboren. Meine erste Ausbildung war die zur Druckvorlagenherstellerin, ich machte Fachabitur f\u00fcr Kunst und Gestaltung, lernte drei Jahre \u00fcber Malerei und Grafik an einer Kunstschule, absolvierte ein Fernstudium \u00fcber Literatur und Prosaschreiben an der Textmanufaktur und belegte Seminare an der Bundesakademie in Wolfenb\u00fcttel, der Schwabenakademie im Kloster Irsee und der Kunstakademie in Bad Reichenhall.<\/p>\n<p>&nbsp;<\/p>\n<p>&nbsp;<\/p>\n<p>Einige Jahre war ich als Grafikerin angestellt, habe als Buchbindergehilfin und Siebdruckerin gearbeitet. In der Erwachsenenbildung gab ich viele Jahre Akt- und Zeichenkurse, zuletzt unterrichtete ich Kunst am Helene Habermann Gymnasium in M\u00fcnchen f\u00fcr Unter- und Mittelstufe.<br \/>\nWeiterhin bleibe ich freiberuflich als Druckgrafikerin t\u00e4tig.<\/p>\n<p>&nbsp;<\/p>\n<p>&nbsp;<\/p>\n<p>Meine Arbeit zeige ich auf Ausstellungen, Lesungen, in Anthologien und eigenen B\u00fcchern.<\/p>\n<p>&nbsp;<\/p>\n<p>Besonders gut gelungen sind mir, zusammen mit meinem lieben Mann, der Garten und unsere beiden Kinder.[\/vc_column_text][\/vc_column][\/vc_row][vc_row row_type=&#8220;row&#8220; use_row_as_full_screen_section=&#8220;no&#8220; type=&#8220;full_width&#8220; text_align=&#8220;left&#8220; background_animation=&#8220;none&#8220; css_animation=&#8220;&#8220;][vc_column][vc_empty_space height=&#8220;110px&#8220;][vc_column_text css=&#8220;&#8220;]<strong>Sabine Roidl<\/strong><br \/>\nAm Seeoner Bach 7, 85567 Grafing bei M\u00fcnchen<br \/>\nMail: sabine at sabineroidl punkt de<br \/>\nTelefon: 0173 8584502<\/p>\n<p>UST-IdNr.: DE321465371<\/p>\n<p>Mitglied im Berufsverband der Illustratoren (IO) \u00b7 VG Wort-Urheberin \u00b7 VG Bild Kunst-Urheberin[\/vc_column_text][vc_separator type=&#8220;normal&#8220; border_style=&#8220;&#8220;][vc_empty_space height=&#8220;60px&#8220;][vc_column_text css=&#8220;&#8220;]<img loading=\"lazy\" decoding=\"async\" class=\"alignnone size-medium wp-image-27050\" src=\"https:\/\/sabineroidl.de\/wp-content\/uploads\/2020\/01\/Sabine-Roidl-Turmuhrdame-edition-karo-Maerchen-205x300.jpg\" alt=\"Turmuhrdame-edition-karo-sabine-roidl\" width=\"205\" height=\"300\" srcset=\"https:\/\/sabineroidl.de\/wp-content\/uploads\/2020\/01\/Sabine-Roidl-Turmuhrdame-edition-karo-Maerchen-205x300.jpg 205w, https:\/\/sabineroidl.de\/wp-content\/uploads\/2020\/01\/Sabine-Roidl-Turmuhrdame-edition-karo-Maerchen-698x1024.jpg 698w, https:\/\/sabineroidl.de\/wp-content\/uploads\/2020\/01\/Sabine-Roidl-Turmuhrdame-edition-karo-Maerchen-768x1126.jpg 768w, https:\/\/sabineroidl.de\/wp-content\/uploads\/2020\/01\/Sabine-Roidl-Turmuhrdame-edition-karo-Maerchen-700x1026.jpg 700w, https:\/\/sabineroidl.de\/wp-content\/uploads\/2020\/01\/Sabine-Roidl-Turmuhrdame-edition-karo-Maerchen-873x1280.jpg 873w, https:\/\/sabineroidl.de\/wp-content\/uploads\/2020\/01\/Sabine-Roidl-Turmuhrdame-edition-karo-Maerchen.jpg 886w\" sizes=\"auto, (max-width: 205px) 100vw, 205px\" \/><\/p>\n<p>&nbsp;<\/p>\n<p><strong>Das M\u00e4rchen von der Turmuhrdame<\/strong><\/p>\n<p>Verlag Edition Karo Berlin<br \/>\n96 Seiten, Festeinband mit Leseb\u00e4ndchen, alle Seiten mit farbigen Illustrationen<br \/>\n\u20ac 22<br \/>\nISBN 978-3-945961-18-6<\/p>\n<p>&nbsp;<\/p>\n<p>&nbsp;<\/p>\n<h5><img loading=\"lazy\" decoding=\"async\" class=\"alignnone size-medium wp-image-27123\" src=\"https:\/\/sabineroidl.de\/wp-content\/uploads\/2020\/04\/Sabine-Roidl-Allitera-Cover-Ohne-Dach-216x300.jpg\" alt=\"\" width=\"216\" height=\"300\" srcset=\"https:\/\/sabineroidl.de\/wp-content\/uploads\/2020\/04\/Sabine-Roidl-Allitera-Cover-Ohne-Dach-216x300.jpg 216w, https:\/\/sabineroidl.de\/wp-content\/uploads\/2020\/04\/Sabine-Roidl-Allitera-Cover-Ohne-Dach-736x1024.jpg 736w, https:\/\/sabineroidl.de\/wp-content\/uploads\/2020\/04\/Sabine-Roidl-Allitera-Cover-Ohne-Dach-768x1069.jpg 768w, https:\/\/sabineroidl.de\/wp-content\/uploads\/2020\/04\/Sabine-Roidl-Allitera-Cover-Ohne-Dach-1103x1536.jpg 1103w, https:\/\/sabineroidl.de\/wp-content\/uploads\/2020\/04\/Sabine-Roidl-Allitera-Cover-Ohne-Dach-700x974.jpg 700w, https:\/\/sabineroidl.de\/wp-content\/uploads\/2020\/04\/Sabine-Roidl-Allitera-Cover-Ohne-Dach-1100x1531.jpg 1100w, https:\/\/sabineroidl.de\/wp-content\/uploads\/2020\/04\/Sabine-Roidl-Allitera-Cover-Ohne-Dach-1280x1782.jpg 1280w, https:\/\/sabineroidl.de\/wp-content\/uploads\/2020\/04\/Sabine-Roidl-Allitera-Cover-Ohne-Dach-919x1280.jpg 919w, https:\/\/sabineroidl.de\/wp-content\/uploads\/2020\/04\/Sabine-Roidl-Allitera-Cover-Ohne-Dach.jpg 1390w\" sizes=\"auto, (max-width: 216px) 100vw, 216px\" \/><\/h5>\n<p>&nbsp;<\/p>\n<p><strong>Ohne Dach, ohne Ofen, ohne Bett \u2013 obdachlose Menschen in M\u00fcnchen<\/strong><\/p>\n<p>Ca. 80 Seiten, Paperback<\/p>\n<p>\u20ac 15,00<\/p>\n<p>ISBN 978-3-96233-227-3[\/vc_column_text][vc_empty_space height=&#8220;60px&#8220;][vc_separator type=&#8220;normal&#8220; border_style=&#8220;&#8220;][vc_column_text]<\/p>\n<h5><strong><a href=\"https:\/\/sabineroidl.de\/servus\/lieblingskollegen\"><em>Lieblingskollegen<\/em><\/a><\/strong><\/h5>\n<p>[\/vc_column_text][\/vc_column][\/vc_row][vc_row row_type=&#8220;row&#8220; use_row_as_full_screen_section=&#8220;no&#8220; type=&#8220;full_width&#8220; text_align=&#8220;left&#8220; background_animation=&#8220;none&#8220; css_animation=&#8220;&#8220;][vc_column][vc_empty_space height=&#8220;30px&#8220;][\/vc_column][\/vc_row]<\/p>\n<\/div>","protected":false},"excerpt":{"rendered":"<p>[vc_row row_type=&#8220;row&#8220; use_row_as_full_screen_section=&#8220;no&#8220; type=&#8220;full_width&#8220; text_align=&#8220;left&#8220; background_animation=&#8220;none&#8220; css_animation=&#8220;&#8220;][vc_column width=&#8220;1\/3&#8243;][vc_single_image image=&#8220;27840&#8243; img_size=&#8220;full&#8220; alignment=&#8220;center&#8220; css=&#8220;&#8220; qode_css_animation=&#8220;&#8220;][\/vc_column][vc_column width=&#8220;1\/12&#8243;][vc_column_text][\/vc_column_text][\/vc_column][vc_column width=&#8220;7\/12&#8243;][vc_column_text css=&#8220;&#8220;]Mein Name ist Sabine Roidl, ich bin Illustratorin und Autorin; Handwerkerin und Dienstleisterin f\u00fcr sch\u00f6ne Bilder und Geschichten. Darin geht es um gro\u00dfe Lebensfragen, gebettet in beschauliche Szenerien. Ich will&#8230;<\/p>\n","protected":false},"author":1,"featured_media":0,"parent":0,"menu_order":0,"comment_status":"closed","ping_status":"closed","template":"","meta":{"_monsterinsights_skip_tracking":false,"_monsterinsights_sitenote_active":false,"_monsterinsights_sitenote_note":"","_monsterinsights_sitenote_category":0,"footnotes":""},"class_list":["post-26493","page","type-page","status-publish","hentry"],"yoast_head":"<!-- This site is optimized with the Yoast SEO plugin v27.5 - https:\/\/yoast.com\/product\/yoast-seo-wordpress\/ -->\n<title>\u00dcber mich - Sabine Roidl - Bilder und Texte<\/title>\n<meta name=\"robots\" content=\"index, follow, max-snippet:-1, max-image-preview:large, max-video-preview:-1\" \/>\n<link rel=\"canonical\" href=\"https:\/\/sabineroidl.de\/bilder_\/ueber-mich\" \/>\n<meta property=\"og:locale\" content=\"de_DE\" \/>\n<meta property=\"og:type\" content=\"article\" \/>\n<meta property=\"og:title\" content=\"\u00dcber mich - Sabine Roidl - Bilder und Texte\" \/>\n<meta property=\"og:description\" content=\"[vc_row row_type=&#8220;row&#8220; use_row_as_full_screen_section=&#8220;no&#8220; type=&#8220;full_width&#8220; text_align=&#8220;left&#8220; background_animation=&#8220;none&#8220; css_animation=&#8220;&#8220;][vc_column width=&#8220;1\/3&#8243;][vc_single_image image=&#8220;27840&#8243; img_size=&#8220;full&#8220; alignment=&#8220;center&#8220; css=&#8220;&#8220; qode_css_animation=&#8220;&#8220;][\/vc_column][vc_column width=&#8220;1\/12&#8243;][vc_column_text][\/vc_column_text][\/vc_column][vc_column width=&#8220;7\/12&#8243;][vc_column_text css=&#8220;&#8220;]Mein Name ist Sabine Roidl, ich bin Illustratorin und Autorin; Handwerkerin und Dienstleisterin f\u00fcr sch\u00f6ne Bilder und Geschichten. Darin geht es um gro\u00dfe Lebensfragen, gebettet in beschauliche Szenerien. Ich will...\" \/>\n<meta property=\"og:url\" content=\"https:\/\/sabineroidl.de\/bilder_\/ueber-mich\" \/>\n<meta property=\"og:site_name\" content=\"Sabine Roidl - Bilder und Texte\" \/>\n<meta property=\"article:modified_time\" content=\"2025-11-22T18:00:36+00:00\" \/>\n<meta property=\"og:image\" content=\"https:\/\/sabineroidl.de\/wp-content\/uploads\/2020\/01\/Sabine-Roidl-Turmuhrdame-edition-karo-Maerchen-205x300.jpg\" \/>\n<meta name=\"twitter:card\" content=\"summary_large_image\" \/>\n<meta name=\"twitter:label1\" content=\"Gesch\u00e4tzte Lesezeit\" \/>\n\t<meta name=\"twitter:data1\" content=\"3\u00a0Minuten\" \/>\n<script type=\"application\/ld+json\" class=\"yoast-schema-graph\">{\"@context\":\"https:\\\/\\\/schema.org\",\"@graph\":[{\"@type\":\"WebPage\",\"@id\":\"https:\\\/\\\/sabineroidl.de\\\/bilder_\\\/ueber-mich\",\"url\":\"https:\\\/\\\/sabineroidl.de\\\/bilder_\\\/ueber-mich\",\"name\":\"\u00dcber mich - Sabine Roidl - Bilder und Texte\",\"isPartOf\":{\"@id\":\"https:\\\/\\\/sabineroidl.de\\\/bilder_\\\/#website\"},\"primaryImageOfPage\":{\"@id\":\"https:\\\/\\\/sabineroidl.de\\\/bilder_\\\/ueber-mich#primaryimage\"},\"image\":{\"@id\":\"https:\\\/\\\/sabineroidl.de\\\/bilder_\\\/ueber-mich#primaryimage\"},\"thumbnailUrl\":\"https:\\\/\\\/sabineroidl.de\\\/wp-content\\\/uploads\\\/2020\\\/01\\\/Sabine-Roidl-Turmuhrdame-edition-karo-Maerchen-205x300.jpg\",\"datePublished\":\"2019-04-25T07:46:38+00:00\",\"dateModified\":\"2025-11-22T18:00:36+00:00\",\"breadcrumb\":{\"@id\":\"https:\\\/\\\/sabineroidl.de\\\/bilder_\\\/ueber-mich#breadcrumb\"},\"inLanguage\":\"de\",\"potentialAction\":[{\"@type\":\"ReadAction\",\"target\":[\"https:\\\/\\\/sabineroidl.de\\\/bilder_\\\/ueber-mich\"]}]},{\"@type\":\"ImageObject\",\"inLanguage\":\"de\",\"@id\":\"https:\\\/\\\/sabineroidl.de\\\/bilder_\\\/ueber-mich#primaryimage\",\"url\":\"https:\\\/\\\/sabineroidl.de\\\/wp-content\\\/uploads\\\/2020\\\/01\\\/Sabine-Roidl-Turmuhrdame-edition-karo-Maerchen-205x300.jpg\",\"contentUrl\":\"https:\\\/\\\/sabineroidl.de\\\/wp-content\\\/uploads\\\/2020\\\/01\\\/Sabine-Roidl-Turmuhrdame-edition-karo-Maerchen-205x300.jpg\"},{\"@type\":\"BreadcrumbList\",\"@id\":\"https:\\\/\\\/sabineroidl.de\\\/bilder_\\\/ueber-mich#breadcrumb\",\"itemListElement\":[{\"@type\":\"ListItem\",\"position\":1,\"name\":\"Startseite\",\"item\":\"https:\\\/\\\/sabineroidl.de\\\/bilder_\\\/\"},{\"@type\":\"ListItem\",\"position\":2,\"name\":\"\u00dcber mich\"}]},{\"@type\":\"WebSite\",\"@id\":\"https:\\\/\\\/sabineroidl.de\\\/bilder_\\\/#website\",\"url\":\"https:\\\/\\\/sabineroidl.de\\\/bilder_\\\/\",\"name\":\"Sabine Roidl - Bilder und Texte\",\"description\":\"Bilder und Texte\",\"potentialAction\":[{\"@type\":\"SearchAction\",\"target\":{\"@type\":\"EntryPoint\",\"urlTemplate\":\"https:\\\/\\\/sabineroidl.de\\\/bilder_\\\/?s={search_term_string}\"},\"query-input\":{\"@type\":\"PropertyValueSpecification\",\"valueRequired\":true,\"valueName\":\"search_term_string\"}}],\"inLanguage\":\"de\"}]}<\/script>\n<!-- \/ Yoast SEO plugin. -->","yoast_head_json":{"title":"\u00dcber mich - Sabine Roidl - Bilder und Texte","robots":{"index":"index","follow":"follow","max-snippet":"max-snippet:-1","max-image-preview":"max-image-preview:large","max-video-preview":"max-video-preview:-1"},"canonical":"https:\/\/sabineroidl.de\/bilder_\/ueber-mich","og_locale":"de_DE","og_type":"article","og_title":"\u00dcber mich - Sabine Roidl - Bilder und Texte","og_description":"[vc_row row_type=&#8220;row&#8220; use_row_as_full_screen_section=&#8220;no&#8220; type=&#8220;full_width&#8220; text_align=&#8220;left&#8220; background_animation=&#8220;none&#8220; css_animation=&#8220;&#8220;][vc_column width=&#8220;1\/3&#8243;][vc_single_image image=&#8220;27840&#8243; img_size=&#8220;full&#8220; alignment=&#8220;center&#8220; css=&#8220;&#8220; qode_css_animation=&#8220;&#8220;][\/vc_column][vc_column width=&#8220;1\/12&#8243;][vc_column_text][\/vc_column_text][\/vc_column][vc_column width=&#8220;7\/12&#8243;][vc_column_text css=&#8220;&#8220;]Mein Name ist Sabine Roidl, ich bin Illustratorin und Autorin; Handwerkerin und Dienstleisterin f\u00fcr sch\u00f6ne Bilder und Geschichten. Darin geht es um gro\u00dfe Lebensfragen, gebettet in beschauliche Szenerien. Ich will...","og_url":"https:\/\/sabineroidl.de\/bilder_\/ueber-mich","og_site_name":"Sabine Roidl - Bilder und Texte","article_modified_time":"2025-11-22T18:00:36+00:00","og_image":[{"url":"https:\/\/sabineroidl.de\/wp-content\/uploads\/2020\/01\/Sabine-Roidl-Turmuhrdame-edition-karo-Maerchen-205x300.jpg","type":"","width":"","height":""}],"twitter_card":"summary_large_image","twitter_misc":{"Gesch\u00e4tzte Lesezeit":"3\u00a0Minuten"},"schema":{"@context":"https:\/\/schema.org","@graph":[{"@type":"WebPage","@id":"https:\/\/sabineroidl.de\/bilder_\/ueber-mich","url":"https:\/\/sabineroidl.de\/bilder_\/ueber-mich","name":"\u00dcber mich - Sabine Roidl - Bilder und Texte","isPartOf":{"@id":"https:\/\/sabineroidl.de\/bilder_\/#website"},"primaryImageOfPage":{"@id":"https:\/\/sabineroidl.de\/bilder_\/ueber-mich#primaryimage"},"image":{"@id":"https:\/\/sabineroidl.de\/bilder_\/ueber-mich#primaryimage"},"thumbnailUrl":"https:\/\/sabineroidl.de\/wp-content\/uploads\/2020\/01\/Sabine-Roidl-Turmuhrdame-edition-karo-Maerchen-205x300.jpg","datePublished":"2019-04-25T07:46:38+00:00","dateModified":"2025-11-22T18:00:36+00:00","breadcrumb":{"@id":"https:\/\/sabineroidl.de\/bilder_\/ueber-mich#breadcrumb"},"inLanguage":"de","potentialAction":[{"@type":"ReadAction","target":["https:\/\/sabineroidl.de\/bilder_\/ueber-mich"]}]},{"@type":"ImageObject","inLanguage":"de","@id":"https:\/\/sabineroidl.de\/bilder_\/ueber-mich#primaryimage","url":"https:\/\/sabineroidl.de\/wp-content\/uploads\/2020\/01\/Sabine-Roidl-Turmuhrdame-edition-karo-Maerchen-205x300.jpg","contentUrl":"https:\/\/sabineroidl.de\/wp-content\/uploads\/2020\/01\/Sabine-Roidl-Turmuhrdame-edition-karo-Maerchen-205x300.jpg"},{"@type":"BreadcrumbList","@id":"https:\/\/sabineroidl.de\/bilder_\/ueber-mich#breadcrumb","itemListElement":[{"@type":"ListItem","position":1,"name":"Startseite","item":"https:\/\/sabineroidl.de\/bilder_\/"},{"@type":"ListItem","position":2,"name":"\u00dcber mich"}]},{"@type":"WebSite","@id":"https:\/\/sabineroidl.de\/bilder_\/#website","url":"https:\/\/sabineroidl.de\/bilder_\/","name":"Sabine Roidl - Bilder und Texte","description":"Bilder und Texte","potentialAction":[{"@type":"SearchAction","target":{"@type":"EntryPoint","urlTemplate":"https:\/\/sabineroidl.de\/bilder_\/?s={search_term_string}"},"query-input":{"@type":"PropertyValueSpecification","valueRequired":true,"valueName":"search_term_string"}}],"inLanguage":"de"}]}},"amp_enabled":true,"_links":{"self":[{"href":"https:\/\/sabineroidl.de\/bilder_\/wp-json\/wp\/v2\/pages\/26493","targetHints":{"allow":["GET"]}}],"collection":[{"href":"https:\/\/sabineroidl.de\/bilder_\/wp-json\/wp\/v2\/pages"}],"about":[{"href":"https:\/\/sabineroidl.de\/bilder_\/wp-json\/wp\/v2\/types\/page"}],"author":[{"embeddable":true,"href":"https:\/\/sabineroidl.de\/bilder_\/wp-json\/wp\/v2\/users\/1"}],"replies":[{"embeddable":true,"href":"https:\/\/sabineroidl.de\/bilder_\/wp-json\/wp\/v2\/comments?post=26493"}],"version-history":[{"count":108,"href":"https:\/\/sabineroidl.de\/bilder_\/wp-json\/wp\/v2\/pages\/26493\/revisions"}],"predecessor-version":[{"id":27843,"href":"https:\/\/sabineroidl.de\/bilder_\/wp-json\/wp\/v2\/pages\/26493\/revisions\/27843"}],"wp:attachment":[{"href":"https:\/\/sabineroidl.de\/bilder_\/wp-json\/wp\/v2\/media?parent=26493"}],"curies":[{"name":"wp","href":"https:\/\/api.w.org\/{rel}","templated":true}]}}