{"id":25430,"date":"2017-07-08T12:34:46","date_gmt":"2017-07-08T12:34:46","guid":{"rendered":"http:\/\/sabineroidl.de\/?page_id=25430"},"modified":"2022-11-28T12:48:00","modified_gmt":"2022-11-28T12:48:00","slug":"datenschutz","status":"publish","type":"page","link":"https:\/\/sabineroidl.de\/bilder_\/datenschutz","title":{"rendered":"Impressum\/Datenschutz"},"content":{"rendered":"<div class=\"wpb-content-wrapper\"><p>[vc_row row_type=&#8220;row&#8220; use_row_as_full_screen_section=&#8220;no&#8220; type=&#8220;full_width&#8220; text_align=&#8220;left&#8220; background_animation=&#8220;none&#8220; css_animation=&#8220;&#8220;][vc_column][vc_icon icon_fontawesome=&#8220;fas fa-arrow-alt-circle-left&#8220; color=&#8220;mulled_wine&#8220; link=&#8220;url:https%3A%2F%2Fsabineroidl.de%2F|title:Sabine%20Roidl|rel:nofollow&#8220;][vc_column_text]<\/p>\n<h2>Impressum<\/h2>\n<p>&nbsp;<\/p>\n<p>Verantwortlich f\u00fcr den Inhalt dieser Seite:\u00a0Sabine Roidl, Am Seeoner Bach 7, 85567 Grafing b. M\u00fcnchen, E-mail: sabine at sabineroidl.de<\/p>\n<p>&nbsp;<\/p>\n<h3>Haftung f\u00fcr Inhalte<\/h3>\n<p>&nbsp;<\/p>\n<p>Als inhaltlich Verantwortliche bin ich gem\u00e4\u00df \u00a7 7 Abs.1 TMG f\u00fcr eigene Inhalte auf diesen Seiten nach den allgemeinen Gesetzen verantwortlich. Nach \u00a7\u00a7 8 bis 10 TMG bin ich jedoch nicht verpflichtet, \u00fcbermittelte oder gespeicherte fremde Informationen zu \u00fcberwachen oder nach Umst\u00e4nden zu forschen, die auf eine rechtswidrige T\u00e4tigkeit hinweisen. Verpflichtungen zur Entfernung oder Sperrung der Nutzung von Informationen nach den allgemeinen Gesetzen bleiben hiervon unber\u00fchrt. Eine diesbez\u00fcgliche Haftung ist jedoch erst ab dem Zeitpunkt der Kenntnis einer konkreten Rechtsverletzung m\u00f6glich. Bei Bekanntwerden von entsprechenden Rechtsverletzungen werden wir diese Inhalte umgehend entfernen.<\/p>\n<p>&nbsp;<\/p>\n<h3>Haftung f\u00fcr Links<\/h3>\n<p>&nbsp;<\/p>\n<p>Die Website kann Links zu externen Webseiten Dritter beinhalten, auf deren Inhalte ich keinen Einfluss habe. Deshalb kann ich f\u00fcr diese fremden Inhalte auch keine Gew\u00e4hr \u00fcbernehmen. F\u00fcr die Inhalte der verlinkten Seiten ist stets der jeweilige Anbieter oder Betreiber der Seiten verantwortlich. Die verlinkten Seiten wurden zum Zeitpunkt der Verlinkung auf m\u00f6gliche offensichtliche Rechtsverst\u00f6\u00dfe \u00fcberpr\u00fcft. Entsprechende rechtswidrige Inhalte waren zum Zeitpunkt der Verlinkung nicht erkennbar.<br \/>\nEine permanente inhaltliche Kontrolle der verlinkten Seiten ist jedoch ohne konkrete Anhaltspunkte einer Rechtsverletzung nicht zumutbar. Bei Bekanntwerden von Rechtsverletzungen werde ich derartige Links umgehend entfernen.<\/p>\n<p>&nbsp;<\/p>\n<h3>Urheberrecht<\/h3>\n<p>&nbsp;<\/p>\n<p>Die durch die Seitenbetreiber erstellten Inhalte und Werke auf diesen Seiten unterliegen dem deutschen Urheberrecht. Die Vervielf\u00e4ltigung, Bearbeitung, Verbreitung und jede Art der Verwertung au\u00dferhalb der Grenzen des Urheberrechtes bed\u00fcrfen der schriftlichen Zustimmung des jeweiligen Autors bzw. Erstellers. Downloads und Kopien dieser Seite sind nur f\u00fcr den privaten, nicht kommerziellen Gebrauch gestattet.<br \/>\nSoweit die Inhalte auf dieser Seite nicht vom Betreiber erstellt wurden, werden die Urheberrechte Dritter beachtet. Insbesondere werden Inhalte Dritter als solche gekennzeichnet. Sollten Sie trotzdem auf eine Urheberrechtsverletzung aufmerksam werden, bitte ich um einen entsprechenden Hinweis. Bei Bekanntwerden von Rechtsverletzungen werden derartige Inhalte umgehend entfernt.<\/p>\n<p>&nbsp;<\/p>\n<p>&nbsp;<\/p>\n<h2>Datenschutzerkl\u00e4rung<\/h2>\n<p>&nbsp;<\/p>\n<h3>Datenschutz<\/h3>\n<p>&nbsp;<\/p>\n<p>Ich nehme den Schutz Ihrer pers\u00f6nlichen Daten sehr ernst und behandele Ihre personenbezogenen Daten vertraulich und entsprechend der gesetzlichen Datenschutzvorschriften sowie dieser Datenschutzerkl\u00e4rung. Die Nutzung der Webseite ist in der Regel ohne Angabe personenbezogener Daten m\u00f6glich. Soweit auf unseren Seiten personenbezogene Daten (beispielsweise Name, Anschrift oder E-Mail-Adressen) erhoben werden, erfolgt dies, soweit m\u00f6glich, stets auf freiwilliger Basis. Diese Daten werden ohne Ihre ausdr\u00fcckliche Zustimmung nicht an Dritte weitergegeben. Ich weise darauf hin, dass die Daten\u00fcbertragung im Internet (z.B. bei der Kommunikation per E-Mail) Sicherheitsl\u00fccken aufweisen kann. Ein l\u00fcckenloser Schutz der Daten vor dem Zugriff durch Dritte ist nicht m\u00f6glich.<\/p>\n<p>&nbsp;<\/p>\n<h3>Verschl\u00fcsselung<\/h3>\n<p>&nbsp;<\/p>\n<p>Diese Seite nutzt aus Sicherheitsgr\u00fcnden und zum Schutz der \u00dcbertragung von Daten eine SSL-bzw. TLS-Verschl\u00fcsselung. Eine verschl\u00fcsselte Verbindung k\u00f6nnen Sie daran erkennen, dass die Adresszeile des Browsers von \u201chttp:\/\/\u201d auf \u201chttps:\/\/\u201d wechselt und an dem \u201eSchloss\u201c-Symbol in Ihrer Browserzeile.<\/p>\n<p>&nbsp;<\/p>\n<h3>Cookies<\/h3>\n<p>&nbsp;<\/p>\n<p>Die Internetseiten verwenden teilweise so genannte Cookies. Cookies richten auf Ihrem Rechner keinen Schaden an und enthalten keine Viren. Cookies dienen dazu, die Website nutzerfreundlicher, effektiver und sicherer zu machen. Cookies sind kleine Textdateien, die auf Ihrem Rechner abgelegt werden und die Ihr Browser speichert. Die meisten der von uns verwendeten Cookies sind so genannte \u201eSession-Cookies\u201c. Sie werden nach Ende Ihres Besuchs automatisch gel\u00f6scht. Andere Cookies bleiben auf Ihrem Endger\u00e4t gespeichert, bis Sie diese l\u00f6schen. Diese Cookies erm\u00f6glichen es uns, Ihren Browser beim n\u00e4chsten Besuch wiederzuerkennen.<\/p>\n<p>Sie k\u00f6nnen Ihren Browser so einstellen, dass Sie \u00fcber das Setzen von Cookies informiert werden und Cookies nur im Einzelfall erlauben, die Annahme von Cookies f\u00fcr bestimmte F\u00e4lle oder generell ausschlie\u00dfen sowie das automatische L\u00f6schen der Cookies beim Schlie\u00dfen des Browser aktivieren. Bei der Deaktivierung von Cookies kann die Funktionalit\u00e4t dieser Website eingeschr\u00e4nkt sein.<\/p>\n<p>&nbsp;<\/p>\n<h3>Analyse-Tools<\/h3>\n<p>&nbsp;<\/p>\n<p>Wenn Sie die Website besuchen, kann Ihr Surf-Verhalten mit Cookies und mit sogenannten Analyseprogrammen ausgewertet werden. Ich verwende das Analyse-Tracking Tool Google Analytics (GA). Dies geschieht zu statistischen Zwecken. Diese Analyse erfolgt in der Regel anonym; das Surf-Verhalten kann nicht zu Ihnen zur\u00fcckverfolgt werden. Es k\u00f6nnen Zugriffsstatistiken erstellt werden, die Daten wie Browsertyp und Browserversion, verwendetes Betriebssystem, Referrer URL, Standorte der Zugriffe, Zugriffsdauer und Zeitpunkt, Navigationsverhalten auf meiner Website, und IP-Adressen enthalten k\u00f6nnen. Sie k\u00f6nnen dieser Analyse widersprechen oder sie durch die Nichtbenutzung bestimmter Tools verhindern. Detaillierte Informationen dazu finden Sie in der vorliegenden Datenschutzerkl\u00e4rung im Bereich Cookies.<\/p>\n<p>&nbsp;<\/p>\n<h3>Font\u00a0Awesome<\/h3>\n<p>&nbsp;<\/p>\n<p>Die Website verwendet zur einheitlichen Darstellung von Schriftarten bzw. Icons so genannte Web Fonts bzw. Icons, die von Fonticons, Inc. bereitgestellt werden. Beim Aufruf einer Seite l\u00e4dt Ihr Browser die ben\u00f6tigten Web Fonts bzw. Icons in ihren Browsercache, um Texte, Schriftarten und Icons korrekt anzuzeigen.<\/p>\n<p>Zu diesem Zweck muss der von Ihnen verwendete Browser Verbindung zu den Servern von Fonticons, Inc. \u00a0aufnehmen. Hierdurch erlangt Fonticons, Inc. \u00a0Kenntnis dar\u00fcber, dass \u00fcber Ihre IP-Adresse unsere Website aufgerufen wurde. Die Nutzung von Font Awesome erfolgt im Interesse einer einheitlichen und ansprechenden Darstellung dieser Website. Dies stellt ein berechtigtes Interesse im Sinne von Art. 6 Abs. 1 lit. f DSGVO dar.<\/p>\n<p>Wenn Ihr Browser Font Awesome nicht unterst\u00fctzt, wird eine Standardschrift von Ihrem Computer genutzt. Weitere Informationen zu Font Awesome finden Sie unter https:\/\/fontawesome.com\/help und in der Datenschutzerkl\u00e4rung von Fonticons, Inc.:\u00a0<a href=\"https:\/\/fontawesome.com\/privacy\">https:\/\/fontawesome.com\/privacy\u00a0<\/a><\/p>\n<p>&nbsp;<\/p>\n<h3>Webhosting<\/h3>\n<p>&nbsp;<\/p>\n<p>Ich nutze IONOS by 1&amp;1 um die Website zu hosten. Webserver, wie die von IONOS, speichern Daten jedes Websitebesuchs ab. F\u00fcr weitere Informationen zum Datenschutz f\u00fcr IONOS Website Hosting besuchen Sie bitte die Datenschutzerkl\u00e4rung vonIonos auf ionos.de.<\/p>\n<p>&nbsp;<\/p>\n<h3>Server-Log-Files<\/h3>\n<p>&nbsp;<\/p>\n<p>Der Provider der Seiten erhebt und speichert automatisch Informationen in so genannten Server-Log Files, die Ihr Browser automatisch an uns \u00fcbermittelt. Dies sind:<\/p>\n<ul>\n<li>Browsertyp und Browserversion<\/li>\n<li>verwendetes Betriebssystem<\/li>\n<li>Referrer URL<\/li>\n<li>Hostname des zugreifenden Rechners<\/li>\n<li>Uhrzeit der Serveranfrage<\/li>\n<\/ul>\n<p>Diese Daten sind nicht bestimmten Personen zuordenbar. Eine Zusammenf\u00fchrung dieser Daten mit anderen Datenquellen wird nicht vorgenommen. Wir behalten uns vor, diese Daten nachtr\u00e4glich zu pr\u00fcfen, wenn uns konkrete Anhaltspunkte f\u00fcr eine rechtswidrige Nutzung bekannt werden.<\/p>\n<p>&nbsp;<\/p>\n<h3>Widerspruch Werbe-Mails<\/h3>\n<p>&nbsp;<\/p>\n<p>Der Nutzung von im Rahmen der Impressumspflicht ver\u00f6ffentlichten Kontaktdaten zur \u00dcbersendung von nicht ausdr\u00fccklich angeforderter Werbung und Informationsmaterialien wird hiermit widersprochen. Die Betreiber der Seiten behalten sich ausdr\u00fccklich rechtliche Schritte im Falle der unverlangten Zusendung von Werbeinformationen, etwa durch Spam-E-Mails, vor.[\/vc_column_text][vc_icon icon_fontawesome=&#8220;fas fa-arrow-alt-circle-left&#8220; color=&#8220;mulled_wine&#8220; link=&#8220;url:https%3A%2F%2Fsabineroidl.de%2F|title:Sabine%20Roidl|rel:nofollow&#8220;][vc_empty_space height=&#8220;100&#8243;][\/vc_column][\/vc_row][vc_row row_type=&#8220;row&#8220; use_row_as_full_screen_section=&#8220;no&#8220; type=&#8220;full_width&#8220; text_align=&#8220;left&#8220; background_animation=&#8220;none&#8220; css_animation=&#8220;&#8220;][vc_column][vc_raw_html]JTBBJTNDYSUyMGhyZWYlM0QlMjIlMjMlMjIlMjBvbmNsaWNrJTNEJTIyd2luZG93Lm9wZW4lMjglMjdodHRwcyUzQSUyRiUyRnd3dy5zaXRlbG9jay5jb20lMkZ2ZXJpZnkucGhwJTNGc2l0ZSUzRHNhYmluZXJvaWRsLmRlJTI3JTJDJTI3U2l0ZUxvY2slMjclMkMlMjd3aWR0aCUzRDYwMCUyQ2hlaWdodCUzRDYwMCUyQ2xlZnQlM0QxNjAlMkN0b3AlM0QxNzAlMjclMjklM0IlMjIlM0UlM0NpbWclMjB0aXRsZSUzRCUyMlNpdGVMb2NrJTIyJTIwc3JjJTNEJTIyaHR0cHMlM0ElMkYlMkZzaGllbGQuc2l0ZWxvY2suY29tJTJGc2hpZWxkJTJGc2FiaW5lcm9pZGwuZGUlMjIlMjBhbHQlM0QlMjJIb21lcGFnZS1TaWNoZXJoZWl0JTIyJTNFJTNDJTJGYSUzRQ==[\/vc_raw_html][\/vc_column][\/vc_row]<\/p>\n<\/div>","protected":false},"excerpt":{"rendered":"<p>[vc_row row_type=&#8220;row&#8220; use_row_as_full_screen_section=&#8220;no&#8220; type=&#8220;full_width&#8220; text_align=&#8220;left&#8220; background_animation=&#8220;none&#8220; css_animation=&#8220;&#8220;][vc_column][vc_icon icon_fontawesome=&#8220;fas fa-arrow-alt-circle-left&#8220; color=&#8220;mulled_wine&#8220; link=&#8220;url:https%3A%2F%2Fsabineroidl.de%2F|title:Sabine%20Roidl|rel:nofollow&#8220;][vc_column_text] Impressum &nbsp; Verantwortlich f\u00fcr den Inhalt dieser Seite:\u00a0Sabine Roidl, Am Seeoner Bach 7, 85567 Grafing b. M\u00fcnchen, E-mail: sabine at sabineroidl.de &nbsp; Haftung f\u00fcr Inhalte &nbsp; Als inhaltlich Verantwortliche bin ich gem\u00e4\u00df \u00a7 7&#8230;<\/p>\n","protected":false},"author":1,"featured_media":0,"parent":0,"menu_order":0,"comment_status":"closed","ping_status":"closed","template":"","meta":{"_monsterinsights_skip_tracking":false,"_monsterinsights_sitenote_active":false,"_monsterinsights_sitenote_note":"","_monsterinsights_sitenote_category":0,"footnotes":""},"class_list":["post-25430","page","type-page","status-publish","hentry"],"yoast_head":"<!-- This site is optimized with the Yoast SEO plugin v27.5 - https:\/\/yoast.com\/product\/yoast-seo-wordpress\/ -->\n<title>Impressum\/Datenschutz - Sabine Roidl - Bilder und Texte<\/title>\n<meta name=\"robots\" content=\"index, follow, max-snippet:-1, max-image-preview:large, max-video-preview:-1\" \/>\n<link rel=\"canonical\" href=\"https:\/\/sabineroidl.de\/bilder_\/datenschutz\" \/>\n<meta property=\"og:locale\" content=\"de_DE\" \/>\n<meta property=\"og:type\" content=\"article\" \/>\n<meta property=\"og:title\" content=\"Impressum\/Datenschutz - Sabine Roidl - Bilder und Texte\" \/>\n<meta property=\"og:description\" content=\"[vc_row row_type=&#8220;row&#8220; use_row_as_full_screen_section=&#8220;no&#8220; type=&#8220;full_width&#8220; text_align=&#8220;left&#8220; background_animation=&#8220;none&#8220; css_animation=&#8220;&#8220;][vc_column][vc_icon icon_fontawesome=&#8220;fas fa-arrow-alt-circle-left&#8220; color=&#8220;mulled_wine&#8220; link=&#8220;url:https%3A%2F%2Fsabineroidl.de%2F|title:Sabine%20Roidl|rel:nofollow&#8220;][vc_column_text] Impressum &nbsp; Verantwortlich f\u00fcr den Inhalt dieser Seite:\u00a0Sabine Roidl, Am Seeoner Bach 7, 85567 Grafing b. M\u00fcnchen, E-mail: sabine at sabineroidl.de &nbsp; Haftung f\u00fcr Inhalte &nbsp; Als inhaltlich Verantwortliche bin ich gem\u00e4\u00df \u00a7 7...\" \/>\n<meta property=\"og:url\" content=\"https:\/\/sabineroidl.de\/bilder_\/datenschutz\" \/>\n<meta property=\"og:site_name\" content=\"Sabine Roidl - Bilder und Texte\" \/>\n<meta property=\"article:modified_time\" content=\"2022-11-28T12:48:00+00:00\" \/>\n<meta name=\"twitter:card\" content=\"summary_large_image\" \/>\n<meta name=\"twitter:label1\" content=\"Gesch\u00e4tzte Lesezeit\" \/>\n\t<meta name=\"twitter:data1\" content=\"6\u00a0Minuten\" \/>\n<script type=\"application\/ld+json\" class=\"yoast-schema-graph\">{\"@context\":\"https:\\\/\\\/schema.org\",\"@graph\":[{\"@type\":\"WebPage\",\"@id\":\"https:\\\/\\\/sabineroidl.de\\\/bilder_\\\/datenschutz\",\"url\":\"https:\\\/\\\/sabineroidl.de\\\/bilder_\\\/datenschutz\",\"name\":\"Impressum\\\/Datenschutz - Sabine Roidl - Bilder und Texte\",\"isPartOf\":{\"@id\":\"https:\\\/\\\/sabineroidl.de\\\/bilder_\\\/#website\"},\"datePublished\":\"2017-07-08T12:34:46+00:00\",\"dateModified\":\"2022-11-28T12:48:00+00:00\",\"breadcrumb\":{\"@id\":\"https:\\\/\\\/sabineroidl.de\\\/bilder_\\\/datenschutz#breadcrumb\"},\"inLanguage\":\"de\",\"potentialAction\":[{\"@type\":\"ReadAction\",\"target\":[\"https:\\\/\\\/sabineroidl.de\\\/bilder_\\\/datenschutz\"]}]},{\"@type\":\"BreadcrumbList\",\"@id\":\"https:\\\/\\\/sabineroidl.de\\\/bilder_\\\/datenschutz#breadcrumb\",\"itemListElement\":[{\"@type\":\"ListItem\",\"position\":1,\"name\":\"Startseite\",\"item\":\"https:\\\/\\\/sabineroidl.de\\\/bilder_\\\/\"},{\"@type\":\"ListItem\",\"position\":2,\"name\":\"Impressum\\\/Datenschutz\"}]},{\"@type\":\"WebSite\",\"@id\":\"https:\\\/\\\/sabineroidl.de\\\/bilder_\\\/#website\",\"url\":\"https:\\\/\\\/sabineroidl.de\\\/bilder_\\\/\",\"name\":\"Sabine Roidl - Bilder und Texte\",\"description\":\"Bilder und Texte\",\"potentialAction\":[{\"@type\":\"SearchAction\",\"target\":{\"@type\":\"EntryPoint\",\"urlTemplate\":\"https:\\\/\\\/sabineroidl.de\\\/bilder_\\\/?s={search_term_string}\"},\"query-input\":{\"@type\":\"PropertyValueSpecification\",\"valueRequired\":true,\"valueName\":\"search_term_string\"}}],\"inLanguage\":\"de\"}]}<\/script>\n<!-- \/ Yoast SEO plugin. -->","yoast_head_json":{"title":"Impressum\/Datenschutz - Sabine Roidl - Bilder und Texte","robots":{"index":"index","follow":"follow","max-snippet":"max-snippet:-1","max-image-preview":"max-image-preview:large","max-video-preview":"max-video-preview:-1"},"canonical":"https:\/\/sabineroidl.de\/bilder_\/datenschutz","og_locale":"de_DE","og_type":"article","og_title":"Impressum\/Datenschutz - Sabine Roidl - Bilder und Texte","og_description":"[vc_row row_type=&#8220;row&#8220; use_row_as_full_screen_section=&#8220;no&#8220; type=&#8220;full_width&#8220; text_align=&#8220;left&#8220; background_animation=&#8220;none&#8220; css_animation=&#8220;&#8220;][vc_column][vc_icon icon_fontawesome=&#8220;fas fa-arrow-alt-circle-left&#8220; color=&#8220;mulled_wine&#8220; link=&#8220;url:https%3A%2F%2Fsabineroidl.de%2F|title:Sabine%20Roidl|rel:nofollow&#8220;][vc_column_text] Impressum &nbsp; Verantwortlich f\u00fcr den Inhalt dieser Seite:\u00a0Sabine Roidl, Am Seeoner Bach 7, 85567 Grafing b. M\u00fcnchen, E-mail: sabine at sabineroidl.de &nbsp; Haftung f\u00fcr Inhalte &nbsp; Als inhaltlich Verantwortliche bin ich gem\u00e4\u00df \u00a7 7...","og_url":"https:\/\/sabineroidl.de\/bilder_\/datenschutz","og_site_name":"Sabine Roidl - Bilder und Texte","article_modified_time":"2022-11-28T12:48:00+00:00","twitter_card":"summary_large_image","twitter_misc":{"Gesch\u00e4tzte Lesezeit":"6\u00a0Minuten"},"schema":{"@context":"https:\/\/schema.org","@graph":[{"@type":"WebPage","@id":"https:\/\/sabineroidl.de\/bilder_\/datenschutz","url":"https:\/\/sabineroidl.de\/bilder_\/datenschutz","name":"Impressum\/Datenschutz - Sabine Roidl - Bilder und Texte","isPartOf":{"@id":"https:\/\/sabineroidl.de\/bilder_\/#website"},"datePublished":"2017-07-08T12:34:46+00:00","dateModified":"2022-11-28T12:48:00+00:00","breadcrumb":{"@id":"https:\/\/sabineroidl.de\/bilder_\/datenschutz#breadcrumb"},"inLanguage":"de","potentialAction":[{"@type":"ReadAction","target":["https:\/\/sabineroidl.de\/bilder_\/datenschutz"]}]},{"@type":"BreadcrumbList","@id":"https:\/\/sabineroidl.de\/bilder_\/datenschutz#breadcrumb","itemListElement":[{"@type":"ListItem","position":1,"name":"Startseite","item":"https:\/\/sabineroidl.de\/bilder_\/"},{"@type":"ListItem","position":2,"name":"Impressum\/Datenschutz"}]},{"@type":"WebSite","@id":"https:\/\/sabineroidl.de\/bilder_\/#website","url":"https:\/\/sabineroidl.de\/bilder_\/","name":"Sabine Roidl - Bilder und Texte","description":"Bilder und Texte","potentialAction":[{"@type":"SearchAction","target":{"@type":"EntryPoint","urlTemplate":"https:\/\/sabineroidl.de\/bilder_\/?s={search_term_string}"},"query-input":{"@type":"PropertyValueSpecification","valueRequired":true,"valueName":"search_term_string"}}],"inLanguage":"de"}]}},"amp_enabled":true,"_links":{"self":[{"href":"https:\/\/sabineroidl.de\/bilder_\/wp-json\/wp\/v2\/pages\/25430","targetHints":{"allow":["GET"]}}],"collection":[{"href":"https:\/\/sabineroidl.de\/bilder_\/wp-json\/wp\/v2\/pages"}],"about":[{"href":"https:\/\/sabineroidl.de\/bilder_\/wp-json\/wp\/v2\/types\/page"}],"author":[{"embeddable":true,"href":"https:\/\/sabineroidl.de\/bilder_\/wp-json\/wp\/v2\/users\/1"}],"replies":[{"embeddable":true,"href":"https:\/\/sabineroidl.de\/bilder_\/wp-json\/wp\/v2\/comments?post=25430"}],"version-history":[{"count":22,"href":"https:\/\/sabineroidl.de\/bilder_\/wp-json\/wp\/v2\/pages\/25430\/revisions"}],"predecessor-version":[{"id":27533,"href":"https:\/\/sabineroidl.de\/bilder_\/wp-json\/wp\/v2\/pages\/25430\/revisions\/27533"}],"wp:attachment":[{"href":"https:\/\/sabineroidl.de\/bilder_\/wp-json\/wp\/v2\/media?parent=25430"}],"curies":[{"name":"wp","href":"https:\/\/api.w.org\/{rel}","templated":true}]}}