{"id":25193,"date":"2017-02-28T13:42:44","date_gmt":"2017-02-28T13:42:44","guid":{"rendered":"http:\/\/sabineroidl.de\/?page_id=25193"},"modified":"2019-03-14T09:09:58","modified_gmt":"2019-03-14T09:09:58","slug":"unser-schoenes-zuhause","status":"publish","type":"page","link":"https:\/\/sabineroidl.de\/bilder_\/home\/bilder\/unser-schoenes-zuhause","title":{"rendered":"Unser sch\u00f6nes Zuhause"},"content":{"rendered":"<div class=\"wpb-content-wrapper\"><p>[vc_row row_type=&#8220;row&#8220; use_row_as_full_screen_section=&#8220;no&#8220; type=&#8220;full_width&#8220; text_align=&#8220;left&#8220; background_animation=&#8220;none&#8220; css_animation=&#8220;&#8220;][vc_column][vc_column_text]<\/p>\n\r\n<style>\r\n.hybgl-metro-25193-1 .hybgl-prl1-double-bounce1,\r\n.hybgl-metro-25193-1 .hybgl-prl1-double-bounce2,\r\n.hybgl-metro-25193-1 .hybgl-prl2-spinner,\r\n.hybgl-metro-25193-1 .hybgl-prl3-spinner > div,\r\n.hybgl-metro-25193-1 .hybgl-prl4-sk-folding-cube .hybgl-prl4-sk-cube:before,\r\n.hybgl-metro-25193-1 .hybgl-prl5-cube1, .hybgl-prl5-cube2,\r\n.hybgl-metro-25193-1 .hybgl-prl6-dot1, .hybgl-prl6-dot2,\r\n.hybgl-metro-25193-1 .hybgl-prl7-spinner > div,\r\n.hybgl-metro-25193-1 .hybgl-prl8-sk-circle .hybgl-prl8-sk-child:before,\r\n.hybgl-metro-25193-1 .hybgl-prl9-sk-cube-grid .hybgl-prl9-sk-cube,\r\n.hybgl-metro-25193-1 .hybgl-prl10-pacman>div:nth-child(3),\r\n.hybgl-metro-25193-1 .hybgl-prl10-pacman>div:nth-child(4),\r\n.hybgl-metro-25193-1 .hybgl-prl10-pacman>div:nth-child(5),\r\n.hybgl-metro-25193-1 .hybgl-prl10-pacman>div:nth-child(6),\r\n.hybgl-metro-25193-1.hybgl-style-1 .hybgl-button i,\r\n.hybgl-metro-25193-1.hybgl-style-1 .hybgl-item-meta,\r\n.hybgl-metro-25193-1.hybgl-style-3 .hybgl-item-inner:before,\r\n.hybgl-metro-25193-1 .hybgl-filter-label:hover,\r\n.hybgl-metro-25193-1 .hybgl-filter-label-active,\r\n.hybgl-metro-25193-1 .hybgl-filter-label:before {\r\n    background: #c1c1c1;\r\n}\r\n\r\n.hybgl-metro-25193-1 .hybgl-pagin-num-page:hover,\r\n.hybgl-metro-25193-1 .hybgl-pagin-cs-page:hover,\r\n.hybgl-metro-25193-1.hybgl-style-2.hybgl-buttons-show .hybgl-item-inner:before {\r\n    background: #c1c1c1;\r\n    background: rgba(193,193,193,0.5);\r\n}\r\n\r\n.hybgl-metro-25193-1 .hybgl-prl10-pacman>div:first-of-type,\r\n.hybgl-metro-25193-1 .hybgl-prl10-pacman>div:nth-child(2) {\r\n    border-top-color: #c1c1c1;\r\n    border-left-color: #c1c1c1;\r\n    border-bottom-color: #c1c1c1;\r\n}\r\n\r\n.hybgl-metro-25193-1 .hybgl-filter-label,\r\n.hybgl-metro-25193-1 .hybgl-pagin-num-page:hover,\r\n.hybgl-metro-25193-1 .hybgl-pagin-cs-page:hover {\r\n    border-color: #c1c1c1;\r\n}\r\n\r\n.hybgl-metro-25193-1 .hybgl-filter-label,\r\n.hybgl-metro-25193-1.hybgl-style-2.hybgl-click-action-lb-link .hybgl-button i:hover,\r\n.hybgl-metro-25193-1.hybgl-style-3 .hybgl-button i,\r\n.hybgl-metro-25193-1.hybgl-style-4 .hybgl-button i,\r\n.hybgl-metro-25193-1.hybgl-style-4 .hybgl-item-meta .hybgl-item-meta-title {\r\n    color: #c1c1c1;\r\n}\r\n\r\n.hybgl-metro-25193-1 .hybgl-filter-label:hover,\r\n.hybgl-metro-25193-1 .hybgl-filter-label-active {\r\n    color: #fff;\r\n}\r\n\r\n.hybgl-metro-25193-1 .hybgl-filter-label-active:before {\r\n    background: #fff;\r\n}\r\n<\/style>\r\n\r\n<!-- Start Hybrid Gallery --><div class=\"hybgl-box hybgl-mode-grid hybgl-layout-metro hybgl-size-equal hybgl-lightbox hybgl-lightbox-lib-mp hybgl-click-action-lb hybgl-style-1 hybgl-buttons-show hybgl-extra-animation hybgl-box-align-center hybgl-metro-25193-1 hybgl-clearfix\" data-id=\"25193\" data-selector=\"hybgl-metro-25193-1\" data-mode=\"isotope\" data-layout=\"metro\" data-metro-style=\"1\" data-size=\"equal\" data-cols=\"3\" data-gap-x=\"10\" data-gap-y=\"10\" data-ratio=\"1-1\" data-lightbox=\"mp\" data-style=\"1\" data-animation=\"zoomIn\" data-loader-delay=\"300\" data-design=\"{#w_vl#:#100#,#w_un#:#pc#,#align#:#center#}\" data-res=\"{#1024#:{#w#:#auto#,#w_vl#:#100#,#w_un#:#pc#,#cols#:#auto#,#align#:#auto#},#800#:{#w#:#auto#,#w_vl#:#100#,#w_un#:#pc#,#cols#:#auto#,#align#:#auto#},#768#:{#w#:#auto#,#w_vl#:#100#,#w_un#:#pc#,#cols#:#auto#,#align#:#auto#},#600#:{#w#:#auto#,#w_vl#:#100#,#w_un#:#pc#,#cols#:#auto#,#align#:#auto#},#480#:{#w#:#auto#,#w_vl#:#100#,#w_un#:#pc#,#cols#:#auto#,#align#:#auto#}}\"><div class=\"hybgl-loader hybgl-loader-center hybgl-clearfix hybgl-prl1-bounce-loader\"><div class=\"hybgl-prl1-spinner\"><div class=\"hybgl-prl1-double-bounce1\"><\/div><div class=\"hybgl-prl1-double-bounce2\"><\/div><\/div><\/div><div class=\"hybgl-wrapper hybgl-clearfix\"><div class=\"hybgl-container hybgl-clearfix\"><div class=\"hybgl-item\" data-w=\"1024\" data-h=\"724\"><div class=\"hybgl-item-wrapper\"><div class=\"hybgl-item-overlay\"><div class=\"hybgl-item-overlay-inner\"><div class=\"hybgl-item-inner\" style=\"background-image:url(https:\/\/sabineroidl.de\/wp-content\/uploads\/2016\/11\/6-2-Unser-sch\u00f6nes-Zuhause-e1509044401523.jpg);\"><\/div><\/div><\/div><a class=\"hybgl-button hybgl-button-action-zoom hybgl-button-style-full hybgl-button-style-icon mfp-image\" href=\"https:\/\/sabineroidl.de\/wp-content\/uploads\/2016\/11\/6-2-Unser-sch\u00f6nes-Zuhause-e1509044401523.jpg\" title=\"Unser sch\u00f6nes Zuhause-Sabine Roidl-bilderbuch-illustration-m\u00e4rchen-Zeichnung-schwarz-wei\u00df\" data-descr=\"\"><i class=\"fa fa-search-plus\"><\/i><\/a><\/div><\/div><div class=\"hybgl-item\" data-w=\"1024\" data-h=\"770\"><div class=\"hybgl-item-wrapper\"><div class=\"hybgl-item-overlay\"><div class=\"hybgl-item-overlay-inner\"><div class=\"hybgl-item-inner\" style=\"background-image:url(https:\/\/sabineroidl.de\/wp-content\/uploads\/2016\/11\/6-10-Unser-sch\u00f6nes-Zuhause-Welcome-to-Ranch-e1509044320329.jpg);\"><\/div><\/div><\/div><a class=\"hybgl-button hybgl-button-action-zoom hybgl-button-style-full hybgl-button-style-icon mfp-image\" href=\"https:\/\/sabineroidl.de\/wp-content\/uploads\/2016\/11\/6-10-Unser-sch\u00f6nes-Zuhause-Welcome-to-Ranch-e1509044320329.jpg\" title=\"Kindheitserinnerungen-Sabine Roidl-bilderbuch-illustration-m\u00e4rchen-Zeichnung\" data-descr=\"\"><i class=\"fa fa-search-plus\"><\/i><\/a><\/div><\/div><div class=\"hybgl-item\" data-w=\"1024\" data-h=\"953\"><div class=\"hybgl-item-wrapper\"><div class=\"hybgl-item-overlay\"><div class=\"hybgl-item-overlay-inner\"><div class=\"hybgl-item-inner\" style=\"background-image:url(https:\/\/sabineroidl.de\/wp-content\/uploads\/2016\/11\/6-9-Unser-sch\u00f6nes-Zuhause-Wohnen-e1509044330500.jpg);\"><\/div><\/div><\/div><a class=\"hybgl-button hybgl-button-action-zoom hybgl-button-style-full hybgl-button-style-icon mfp-image\" href=\"https:\/\/sabineroidl.de\/wp-content\/uploads\/2016\/11\/6-9-Unser-sch\u00f6nes-Zuhause-Wohnen-e1509044330500.jpg\" title=\"Sch\u00f6ner wohnen-Sabine Roidl-bilderbuch-illustration-m\u00e4rchen-Zeichnung-Dekoration-Einrichten\" data-descr=\"\"><i class=\"fa fa-search-plus\"><\/i><\/a><\/div><\/div><\/div><\/div><\/div><!-- End Hybrid Gallery -->\n<p>[\/vc_column_text][vc_empty_space height=&#8220;10px&#8220;][\/vc_column][\/vc_row][vc_row row_type=&#8220;row&#8220; use_row_as_full_screen_section=&#8220;no&#8220; type=&#8220;full_width&#8220; text_align=&#8220;left&#8220; background_animation=&#8220;none&#8220; css_animation=&#8220;&#8220;][vc_column][vc_column_text]<\/p>\n<h4 style=\"text-align: left;\">Unser sch\u00f6nes Zuhause<\/h4>\n<div class=\"page\" title=\"Page 3\">\n<div class=\"layoutArea\">\n<div class=\"column\">\n<p>Darauf bin ich stolz: auf unser Zuhause, unsere Kinder, dass sie auch jetzt, wo sie gro\u00df sind, immer noch gern nach Hause kommen. Auf das Zuhause in der Kindheit, ein karger Bauernhof in der Oberpfalz, kann ich inzwischen mit einem L\u00e4cheln zur\u00fcckblicken.<\/p>\n<\/div>\n<\/div>\n<\/div>\n<p>[\/vc_column_text][vc_empty_space][\/vc_column][\/vc_row][vc_row row_type=&#8220;row&#8220; use_row_as_full_screen_section=&#8220;no&#8220; type=&#8220;full_width&#8220; text_align=&#8220;left&#8220; background_animation=&#8220;none&#8220; css_animation=&#8220;&#8220;][vc_column width=&#8220;1\/6&#8243;][vc_icon icon_fontawesome=&#8220;fa fa-arrow-circle-left&#8220; color=&#8220;black&#8220; background_style=&#8220;rounded-less-outline&#8220; size=&#8220;xs&#8220; align=&#8220;center&#8220; link=&#8220;url:http%3A%2F%2Fsabineroidl.de%2Fhome%2Fbilder%2Flange-haare|title:zur%C3%BCck||&#8220;][\/vc_column][vc_column width=&#8220;1\/6&#8243;][\/vc_column][vc_column width=&#8220;1\/6&#8243;][\/vc_column][vc_column width=&#8220;1\/6&#8243;][\/vc_column][vc_column width=&#8220;1\/6&#8243;][\/vc_column][vc_column width=&#8220;1\/6&#8243;][vc_icon icon_fontawesome=&#8220;fa fa-arrow-circle-right&#8220; color=&#8220;black&#8220; background_style=&#8220;rounded-less-outline&#8220; size=&#8220;xs&#8220; align=&#8220;center&#8220; link=&#8220;url:http%3A%2F%2Fsabineroidl.de%2Fhome%2Fbilder%2Fnachts-malen|title:weiter||&#8220;][\/vc_column][\/vc_row]<\/p>\n<\/div>","protected":false},"excerpt":{"rendered":"<p>[vc_row row_type=&#8220;row&#8220; use_row_as_full_screen_section=&#8220;no&#8220; type=&#8220;full_width&#8220; text_align=&#8220;left&#8220; background_animation=&#8220;none&#8220; css_animation=&#8220;&#8220;][vc_column][vc_column_text] [\/vc_column_text][vc_empty_space height=&#8220;10px&#8220;][\/vc_column][\/vc_row][vc_row row_type=&#8220;row&#8220; use_row_as_full_screen_section=&#8220;no&#8220; type=&#8220;full_width&#8220; text_align=&#8220;left&#8220; background_animation=&#8220;none&#8220; css_animation=&#8220;&#8220;][vc_column][vc_column_text] Unser sch\u00f6nes Zuhause Darauf bin ich stolz: auf unser Zuhause, unsere Kinder, dass sie auch jetzt, wo sie gro\u00df sind, immer noch gern nach Hause kommen. Auf das Zuhause in&#8230;<\/p>\n","protected":false},"author":1,"featured_media":0,"parent":23488,"menu_order":0,"comment_status":"closed","ping_status":"closed","template":"","meta":{"_monsterinsights_skip_tracking":false,"_monsterinsights_sitenote_active":false,"_monsterinsights_sitenote_note":"","_monsterinsights_sitenote_category":0,"footnotes":""},"class_list":["post-25193","page","type-page","status-publish","hentry"],"yoast_head":"<!-- This site is optimized with the Yoast SEO plugin v27.5 - https:\/\/yoast.com\/product\/yoast-seo-wordpress\/ -->\n<title>Unser sch\u00f6nes Zuhause - Sabine Roidl - Bilder und Texte<\/title>\n<meta name=\"robots\" content=\"index, follow, max-snippet:-1, max-image-preview:large, max-video-preview:-1\" \/>\n<link rel=\"canonical\" href=\"https:\/\/sabineroidl.de\/bilder_\/home\/bilder\/unser-schoenes-zuhause\" \/>\n<meta property=\"og:locale\" content=\"de_DE\" \/>\n<meta property=\"og:type\" content=\"article\" \/>\n<meta property=\"og:title\" content=\"Unser sch\u00f6nes Zuhause - Sabine Roidl - Bilder und Texte\" \/>\n<meta property=\"og:description\" content=\"[vc_row row_type=&#8220;row&#8220; use_row_as_full_screen_section=&#8220;no&#8220; type=&#8220;full_width&#8220; text_align=&#8220;left&#8220; background_animation=&#8220;none&#8220; css_animation=&#8220;&#8220;][vc_column][vc_column_text] [\/vc_column_text][vc_empty_space height=&#8220;10px&#8220;][\/vc_column][\/vc_row][vc_row row_type=&#8220;row&#8220; use_row_as_full_screen_section=&#8220;no&#8220; type=&#8220;full_width&#8220; text_align=&#8220;left&#8220; background_animation=&#8220;none&#8220; css_animation=&#8220;&#8220;][vc_column][vc_column_text] Unser sch\u00f6nes Zuhause Darauf bin ich stolz: auf unser Zuhause, unsere Kinder, dass sie auch jetzt, wo sie gro\u00df sind, immer noch gern nach Hause kommen. Auf das Zuhause in...\" \/>\n<meta property=\"og:url\" content=\"https:\/\/sabineroidl.de\/bilder_\/home\/bilder\/unser-schoenes-zuhause\" \/>\n<meta property=\"og:site_name\" content=\"Sabine Roidl - Bilder und Texte\" \/>\n<meta property=\"article:modified_time\" content=\"2019-03-14T09:09:58+00:00\" \/>\n<meta name=\"twitter:card\" content=\"summary_large_image\" \/>\n<meta name=\"twitter:label1\" content=\"Gesch\u00e4tzte Lesezeit\" \/>\n\t<meta name=\"twitter:data1\" content=\"2\u00a0Minuten\" \/>\n<script type=\"application\/ld+json\" class=\"yoast-schema-graph\">{\"@context\":\"https:\\\/\\\/schema.org\",\"@graph\":[{\"@type\":\"WebPage\",\"@id\":\"https:\\\/\\\/sabineroidl.de\\\/bilder_\\\/home\\\/bilder\\\/unser-schoenes-zuhause\",\"url\":\"https:\\\/\\\/sabineroidl.de\\\/bilder_\\\/home\\\/bilder\\\/unser-schoenes-zuhause\",\"name\":\"Unser sch\u00f6nes Zuhause - Sabine Roidl - Bilder und Texte\",\"isPartOf\":{\"@id\":\"https:\\\/\\\/sabineroidl.de\\\/bilder_\\\/#website\"},\"datePublished\":\"2017-02-28T13:42:44+00:00\",\"dateModified\":\"2019-03-14T09:09:58+00:00\",\"breadcrumb\":{\"@id\":\"https:\\\/\\\/sabineroidl.de\\\/bilder_\\\/home\\\/bilder\\\/unser-schoenes-zuhause#breadcrumb\"},\"inLanguage\":\"de\",\"potentialAction\":[{\"@type\":\"ReadAction\",\"target\":[\"https:\\\/\\\/sabineroidl.de\\\/bilder_\\\/home\\\/bilder\\\/unser-schoenes-zuhause\"]}]},{\"@type\":\"BreadcrumbList\",\"@id\":\"https:\\\/\\\/sabineroidl.de\\\/bilder_\\\/home\\\/bilder\\\/unser-schoenes-zuhause#breadcrumb\",\"itemListElement\":[{\"@type\":\"ListItem\",\"position\":1,\"name\":\"Startseite\",\"item\":\"https:\\\/\\\/sabineroidl.de\\\/bilder_\\\/\"},{\"@type\":\"ListItem\",\"position\":2,\"name\":\"Sabine Roidl\",\"item\":\"https:\\\/\\\/sabineroidl.de\\\/bilder_\\\/home\"},{\"@type\":\"ListItem\",\"position\":3,\"name\":\"Bilder\",\"item\":\"https:\\\/\\\/sabineroidl.de\\\/bilder_\\\/home\\\/bilder\"},{\"@type\":\"ListItem\",\"position\":4,\"name\":\"Unser sch\u00f6nes Zuhause\"}]},{\"@type\":\"WebSite\",\"@id\":\"https:\\\/\\\/sabineroidl.de\\\/bilder_\\\/#website\",\"url\":\"https:\\\/\\\/sabineroidl.de\\\/bilder_\\\/\",\"name\":\"Sabine Roidl - Bilder und Texte\",\"description\":\"Bilder und Texte\",\"potentialAction\":[{\"@type\":\"SearchAction\",\"target\":{\"@type\":\"EntryPoint\",\"urlTemplate\":\"https:\\\/\\\/sabineroidl.de\\\/bilder_\\\/?s={search_term_string}\"},\"query-input\":{\"@type\":\"PropertyValueSpecification\",\"valueRequired\":true,\"valueName\":\"search_term_string\"}}],\"inLanguage\":\"de\"}]}<\/script>\n<!-- \/ Yoast SEO plugin. -->","yoast_head_json":{"title":"Unser sch\u00f6nes Zuhause - Sabine Roidl - Bilder und Texte","robots":{"index":"index","follow":"follow","max-snippet":"max-snippet:-1","max-image-preview":"max-image-preview:large","max-video-preview":"max-video-preview:-1"},"canonical":"https:\/\/sabineroidl.de\/bilder_\/home\/bilder\/unser-schoenes-zuhause","og_locale":"de_DE","og_type":"article","og_title":"Unser sch\u00f6nes Zuhause - Sabine Roidl - Bilder und Texte","og_description":"[vc_row row_type=&#8220;row&#8220; use_row_as_full_screen_section=&#8220;no&#8220; type=&#8220;full_width&#8220; text_align=&#8220;left&#8220; background_animation=&#8220;none&#8220; css_animation=&#8220;&#8220;][vc_column][vc_column_text] [\/vc_column_text][vc_empty_space height=&#8220;10px&#8220;][\/vc_column][\/vc_row][vc_row row_type=&#8220;row&#8220; use_row_as_full_screen_section=&#8220;no&#8220; type=&#8220;full_width&#8220; text_align=&#8220;left&#8220; background_animation=&#8220;none&#8220; css_animation=&#8220;&#8220;][vc_column][vc_column_text] Unser sch\u00f6nes Zuhause Darauf bin ich stolz: auf unser Zuhause, unsere Kinder, dass sie auch jetzt, wo sie gro\u00df sind, immer noch gern nach Hause kommen. Auf das Zuhause in...","og_url":"https:\/\/sabineroidl.de\/bilder_\/home\/bilder\/unser-schoenes-zuhause","og_site_name":"Sabine Roidl - Bilder und Texte","article_modified_time":"2019-03-14T09:09:58+00:00","twitter_card":"summary_large_image","twitter_misc":{"Gesch\u00e4tzte Lesezeit":"2\u00a0Minuten"},"schema":{"@context":"https:\/\/schema.org","@graph":[{"@type":"WebPage","@id":"https:\/\/sabineroidl.de\/bilder_\/home\/bilder\/unser-schoenes-zuhause","url":"https:\/\/sabineroidl.de\/bilder_\/home\/bilder\/unser-schoenes-zuhause","name":"Unser sch\u00f6nes Zuhause - Sabine Roidl - Bilder und Texte","isPartOf":{"@id":"https:\/\/sabineroidl.de\/bilder_\/#website"},"datePublished":"2017-02-28T13:42:44+00:00","dateModified":"2019-03-14T09:09:58+00:00","breadcrumb":{"@id":"https:\/\/sabineroidl.de\/bilder_\/home\/bilder\/unser-schoenes-zuhause#breadcrumb"},"inLanguage":"de","potentialAction":[{"@type":"ReadAction","target":["https:\/\/sabineroidl.de\/bilder_\/home\/bilder\/unser-schoenes-zuhause"]}]},{"@type":"BreadcrumbList","@id":"https:\/\/sabineroidl.de\/bilder_\/home\/bilder\/unser-schoenes-zuhause#breadcrumb","itemListElement":[{"@type":"ListItem","position":1,"name":"Startseite","item":"https:\/\/sabineroidl.de\/bilder_\/"},{"@type":"ListItem","position":2,"name":"Sabine Roidl","item":"https:\/\/sabineroidl.de\/bilder_\/home"},{"@type":"ListItem","position":3,"name":"Bilder","item":"https:\/\/sabineroidl.de\/bilder_\/home\/bilder"},{"@type":"ListItem","position":4,"name":"Unser sch\u00f6nes Zuhause"}]},{"@type":"WebSite","@id":"https:\/\/sabineroidl.de\/bilder_\/#website","url":"https:\/\/sabineroidl.de\/bilder_\/","name":"Sabine Roidl - Bilder und Texte","description":"Bilder und Texte","potentialAction":[{"@type":"SearchAction","target":{"@type":"EntryPoint","urlTemplate":"https:\/\/sabineroidl.de\/bilder_\/?s={search_term_string}"},"query-input":{"@type":"PropertyValueSpecification","valueRequired":true,"valueName":"search_term_string"}}],"inLanguage":"de"}]}},"amp_enabled":true,"_links":{"self":[{"href":"https:\/\/sabineroidl.de\/bilder_\/wp-json\/wp\/v2\/pages\/25193","targetHints":{"allow":["GET"]}}],"collection":[{"href":"https:\/\/sabineroidl.de\/bilder_\/wp-json\/wp\/v2\/pages"}],"about":[{"href":"https:\/\/sabineroidl.de\/bilder_\/wp-json\/wp\/v2\/types\/page"}],"author":[{"embeddable":true,"href":"https:\/\/sabineroidl.de\/bilder_\/wp-json\/wp\/v2\/users\/1"}],"replies":[{"embeddable":true,"href":"https:\/\/sabineroidl.de\/bilder_\/wp-json\/wp\/v2\/comments?post=25193"}],"version-history":[{"count":18,"href":"https:\/\/sabineroidl.de\/bilder_\/wp-json\/wp\/v2\/pages\/25193\/revisions"}],"predecessor-version":[{"id":26441,"href":"https:\/\/sabineroidl.de\/bilder_\/wp-json\/wp\/v2\/pages\/25193\/revisions\/26441"}],"up":[{"embeddable":true,"href":"https:\/\/sabineroidl.de\/bilder_\/wp-json\/wp\/v2\/pages\/23488"}],"wp:attachment":[{"href":"https:\/\/sabineroidl.de\/bilder_\/wp-json\/wp\/v2\/media?parent=25193"}],"curies":[{"name":"wp","href":"https:\/\/api.w.org\/{rel}","templated":true}]}}