{"id":25179,"date":"2017-02-28T13:34:15","date_gmt":"2017-02-28T13:34:15","guid":{"rendered":"http:\/\/sabineroidl.de\/?page_id=25179"},"modified":"2020-04-20T08:54:13","modified_gmt":"2020-04-20T08:54:13","slug":"menschen-nackt-und-schoen","status":"publish","type":"page","link":"https:\/\/sabineroidl.de\/bilder_\/home\/bilder\/menschen-nackt-und-schoen","title":{"rendered":"Menschen, nackt und sch\u00f6n"},"content":{"rendered":"<div class=\"wpb-content-wrapper\"><p>[vc_row row_type=&#8220;row&#8220; use_row_as_full_screen_section=&#8220;no&#8220; type=&#8220;full_width&#8220; text_align=&#8220;left&#8220; background_animation=&#8220;none&#8220; css_animation=&#8220;&#8220;][vc_column][vc_column_text]<\/p>\n\r\n<style>\r\n.hybgl-metro-25179-1 .hybgl-prl1-double-bounce1,\r\n.hybgl-metro-25179-1 .hybgl-prl1-double-bounce2,\r\n.hybgl-metro-25179-1 .hybgl-prl2-spinner,\r\n.hybgl-metro-25179-1 .hybgl-prl3-spinner > div,\r\n.hybgl-metro-25179-1 .hybgl-prl4-sk-folding-cube .hybgl-prl4-sk-cube:before,\r\n.hybgl-metro-25179-1 .hybgl-prl5-cube1, .hybgl-prl5-cube2,\r\n.hybgl-metro-25179-1 .hybgl-prl6-dot1, .hybgl-prl6-dot2,\r\n.hybgl-metro-25179-1 .hybgl-prl7-spinner > div,\r\n.hybgl-metro-25179-1 .hybgl-prl8-sk-circle .hybgl-prl8-sk-child:before,\r\n.hybgl-metro-25179-1 .hybgl-prl9-sk-cube-grid .hybgl-prl9-sk-cube,\r\n.hybgl-metro-25179-1 .hybgl-prl10-pacman>div:nth-child(3),\r\n.hybgl-metro-25179-1 .hybgl-prl10-pacman>div:nth-child(4),\r\n.hybgl-metro-25179-1 .hybgl-prl10-pacman>div:nth-child(5),\r\n.hybgl-metro-25179-1 .hybgl-prl10-pacman>div:nth-child(6),\r\n.hybgl-metro-25179-1.hybgl-style-1 .hybgl-button i,\r\n.hybgl-metro-25179-1.hybgl-style-1 .hybgl-item-meta,\r\n.hybgl-metro-25179-1.hybgl-style-3 .hybgl-item-inner:before,\r\n.hybgl-metro-25179-1 .hybgl-filter-label:hover,\r\n.hybgl-metro-25179-1 .hybgl-filter-label-active,\r\n.hybgl-metro-25179-1 .hybgl-filter-label:before {\r\n    background: #b90000;\r\n}\r\n\r\n.hybgl-metro-25179-1 .hybgl-pagin-num-page:hover,\r\n.hybgl-metro-25179-1 .hybgl-pagin-cs-page:hover,\r\n.hybgl-metro-25179-1.hybgl-style-2.hybgl-buttons-show .hybgl-item-inner:before {\r\n    background: #b90000;\r\n    background: rgba(185,0,0,0.5);\r\n}\r\n\r\n.hybgl-metro-25179-1 .hybgl-prl10-pacman>div:first-of-type,\r\n.hybgl-metro-25179-1 .hybgl-prl10-pacman>div:nth-child(2) {\r\n    border-top-color: #b90000;\r\n    border-left-color: #b90000;\r\n    border-bottom-color: #b90000;\r\n}\r\n\r\n.hybgl-metro-25179-1 .hybgl-filter-label,\r\n.hybgl-metro-25179-1 .hybgl-pagin-num-page:hover,\r\n.hybgl-metro-25179-1 .hybgl-pagin-cs-page:hover {\r\n    border-color: #b90000;\r\n}\r\n\r\n.hybgl-metro-25179-1 .hybgl-filter-label,\r\n.hybgl-metro-25179-1.hybgl-style-2.hybgl-click-action-lb-link .hybgl-button i:hover,\r\n.hybgl-metro-25179-1.hybgl-style-3 .hybgl-button i,\r\n.hybgl-metro-25179-1.hybgl-style-4 .hybgl-button i,\r\n.hybgl-metro-25179-1.hybgl-style-4 .hybgl-item-meta .hybgl-item-meta-title {\r\n    color: #b90000;\r\n}\r\n\r\n.hybgl-metro-25179-1 .hybgl-filter-label:hover,\r\n.hybgl-metro-25179-1 .hybgl-filter-label-active {\r\n    color: #fff;\r\n}\r\n\r\n.hybgl-metro-25179-1 .hybgl-filter-label-active:before {\r\n    background: #fff;\r\n}\r\n<\/style>\r\n\r\n<!-- Start Hybrid Gallery --><div class=\"hybgl-box hybgl-mode-grid hybgl-layout-metro hybgl-size-equal hybgl-lightbox hybgl-lightbox-lib-mp hybgl-click-action-lb hybgl-style-1 hybgl-buttons-hide hybgl-extra-animation hybgl-metro-25179-1 hybgl-clearfix\" data-id=\"25179\" data-selector=\"hybgl-metro-25179-1\" data-mode=\"isotope\" data-layout=\"metro\" data-metro-style=\"1\" data-size=\"equal\" data-cols=\"3\" data-gap-x=\"10\" data-gap-y=\"10\" data-ratio=\"1-1\" data-lightbox=\"mp\" data-style=\"1\" data-animation=\"fadeInUp\" data-loader-delay=\"300\" data-design=\"{#w_vl#:#100#,#w_un#:#pc#,#align#:#none#}\" data-res=\"{#1024#:{#w#:#auto#,#w_vl#:#100#,#w_un#:#pc#,#cols#:#auto#,#align#:#auto#},#800#:{#w#:#auto#,#w_vl#:#100#,#w_un#:#pc#,#cols#:#auto#,#align#:#auto#},#768#:{#w#:#auto#,#w_vl#:#100#,#w_un#:#pc#,#cols#:#auto#,#align#:#auto#},#600#:{#w#:#auto#,#w_vl#:#100#,#w_un#:#pc#,#cols#:#auto#,#align#:#auto#},#480#:{#w#:#auto#,#w_vl#:#100#,#w_un#:#pc#,#cols#:#auto#,#align#:#auto#}}\"><div class=\"hybgl-loader hybgl-loader-center hybgl-clearfix hybgl-prl1-bounce-loader\"><div class=\"hybgl-prl1-spinner\"><div class=\"hybgl-prl1-double-bounce1\"><\/div><div class=\"hybgl-prl1-double-bounce2\"><\/div><\/div><\/div><div class=\"hybgl-wrapper hybgl-clearfix\"><div class=\"hybgl-container hybgl-clearfix\"><div class=\"hybgl-item\" data-w=\"1203\" data-h=\"1800\"><div class=\"hybgl-item-wrapper\"><div class=\"hybgl-item-overlay\"><div class=\"hybgl-item-overlay-inner\"><div class=\"hybgl-item-inner\" style=\"background-image:url(https:\/\/sabineroidl.de\/wp-content\/uploads\/2020\/04\/Sabin-Roidl-Tommy.jpg);\"><\/div><\/div><\/div><a class=\"hybgl-button hybgl-button-action-zoom hybgl-button-style-full mfp-image\" href=\"https:\/\/sabineroidl.de\/wp-content\/uploads\/2020\/04\/Sabin-Roidl-Tommy.jpg\" title=\"Sabin-Roidl-Tommy\" data-descr=\"\"><\/a><\/div><\/div><div class=\"hybgl-item\" data-w=\"664\" data-h=\"1024\"><div class=\"hybgl-item-wrapper\"><div class=\"hybgl-item-overlay\"><div class=\"hybgl-item-overlay-inner\"><div class=\"hybgl-item-inner\" style=\"background-image:url(https:\/\/sabineroidl.de\/wp-content\/uploads\/2016\/11\/3-1-Menschen-Vroni-e1509044819972.jpg);\"><\/div><\/div><\/div><a class=\"hybgl-button hybgl-button-action-zoom hybgl-button-style-full mfp-image\" href=\"https:\/\/sabineroidl.de\/wp-content\/uploads\/2016\/11\/3-1-Menschen-Vroni-e1509044819972.jpg\" title=\"Vroni-Sabine Roidl-bilderbuch-illustration-Jubel-Nackt-Akt-Zeichung\" data-descr=\"\"><\/a><\/div><\/div><div class=\"hybgl-item\" data-w=\"719\" data-h=\"1024\"><div class=\"hybgl-item-wrapper\"><div class=\"hybgl-item-overlay\"><div class=\"hybgl-item-overlay-inner\"><div class=\"hybgl-item-inner\" style=\"background-image:url(https:\/\/sabineroidl.de\/wp-content\/uploads\/2016\/11\/3-2-Menschen-Dann-komm-doch-her-e1509044809303.jpg);\"><\/div><\/div><\/div><a class=\"hybgl-button hybgl-button-action-zoom hybgl-button-style-full mfp-image\" href=\"https:\/\/sabineroidl.de\/wp-content\/uploads\/2016\/11\/3-2-Menschen-Dann-komm-doch-her-e1509044809303.jpg\" title=\"Dann komm doch her-Sabine Roidl-bilderbuch-illustration-Jubel-Nackt-Akt-Zeichung\" data-descr=\"\"><\/a><\/div><\/div><\/div><\/div><\/div><!-- End Hybrid Gallery -->\n<p>[\/vc_column_text][vc_empty_space height=&#8220;10px&#8220;][\/vc_column][\/vc_row][vc_row row_type=&#8220;row&#8220; use_row_as_full_screen_section=&#8220;no&#8220; type=&#8220;full_width&#8220; text_align=&#8220;left&#8220; background_animation=&#8220;none&#8220; css_animation=&#8220;&#8220;][vc_column][vc_column_text]<\/p>\n<h4 style=\"text-align: left;\">Menschen, nackt und sch\u00f6n<\/h4>\n<p>Jeder Mensch ist sch\u00f6n, jeder K\u00f6rper\u00a0 hat etwas interessantes. Figurenzeichnen sind Anatomie- und Charakterstudien, die von au\u00dfen beginnen. Ich zeichne, was ich sehe und beschreibe Menschen, ohne zu bewerten.[\/vc_column_text][vc_empty_space][\/vc_column][\/vc_row][vc_row row_type=&#8220;row&#8220; use_row_as_full_screen_section=&#8220;no&#8220; type=&#8220;full_width&#8220; text_align=&#8220;left&#8220; background_animation=&#8220;none&#8220; css_animation=&#8220;&#8220;][vc_column width=&#8220;1\/6&#8243;][vc_icon icon_fontawesome=&#8220;fa fa-arrow-circle-left&#8220; color=&#8220;black&#8220; background_style=&#8220;rounded-less-outline&#8220; size=&#8220;xs&#8220; align=&#8220;center&#8220; link=&#8220;url:https%3A%2F%2Fsabineroidl.de%2Fhome%2Fbilder%2Fzeichnen-in-der-stadt|title:zur%C3%BCck||&#8220;][\/vc_column][vc_column width=&#8220;1\/6&#8243;][\/vc_column][vc_column width=&#8220;1\/6&#8243;][\/vc_column][vc_column width=&#8220;1\/6&#8243;][\/vc_column][vc_column width=&#8220;1\/6&#8243;][\/vc_column][vc_column width=&#8220;1\/6&#8243;][vc_icon icon_fontawesome=&#8220;fa fa-arrow-circle-right&#8220; color=&#8220;black&#8220; background_style=&#8220;rounded-less-outline&#8220; size=&#8220;xs&#8220; align=&#8220;center&#8220; link=&#8220;url:http%3A%2F%2Fsabineroidl.de%2Fhome%2Fbilder%2Faepfel-im-holz|title:weiter||&#8220;][\/vc_column][\/vc_row]<\/p>\n<\/div>","protected":false},"excerpt":{"rendered":"<p>[vc_row row_type=&#8220;row&#8220; use_row_as_full_screen_section=&#8220;no&#8220; type=&#8220;full_width&#8220; text_align=&#8220;left&#8220; background_animation=&#8220;none&#8220; css_animation=&#8220;&#8220;][vc_column][vc_column_text] [\/vc_column_text][vc_empty_space height=&#8220;10px&#8220;][\/vc_column][\/vc_row][vc_row row_type=&#8220;row&#8220; use_row_as_full_screen_section=&#8220;no&#8220; type=&#8220;full_width&#8220; text_align=&#8220;left&#8220; background_animation=&#8220;none&#8220; css_animation=&#8220;&#8220;][vc_column][vc_column_text] Menschen, nackt und sch\u00f6n Jeder Mensch ist sch\u00f6n, jeder K\u00f6rper\u00a0 hat etwas interessantes. Figurenzeichnen sind Anatomie- und Charakterstudien, die von au\u00dfen beginnen. Ich zeichne, was ich sehe und beschreibe Menschen,&#8230;<\/p>\n","protected":false},"author":1,"featured_media":0,"parent":23488,"menu_order":0,"comment_status":"closed","ping_status":"closed","template":"","meta":{"_monsterinsights_skip_tracking":false,"_monsterinsights_sitenote_active":false,"_monsterinsights_sitenote_note":"","_monsterinsights_sitenote_category":0,"footnotes":""},"class_list":["post-25179","page","type-page","status-publish","hentry"],"yoast_head":"<!-- This site is optimized with the Yoast SEO plugin v27.5 - https:\/\/yoast.com\/product\/yoast-seo-wordpress\/ -->\n<title>Menschen, nackt und sch\u00f6n - Sabine Roidl - Bilder und Texte<\/title>\n<meta name=\"robots\" content=\"index, follow, max-snippet:-1, max-image-preview:large, max-video-preview:-1\" \/>\n<link rel=\"canonical\" href=\"https:\/\/sabineroidl.de\/bilder_\/home\/bilder\/menschen-nackt-und-schoen\" \/>\n<meta property=\"og:locale\" content=\"de_DE\" \/>\n<meta property=\"og:type\" content=\"article\" \/>\n<meta property=\"og:title\" content=\"Menschen, nackt und sch\u00f6n - Sabine Roidl - Bilder und Texte\" \/>\n<meta property=\"og:description\" content=\"[vc_row row_type=&#8220;row&#8220; use_row_as_full_screen_section=&#8220;no&#8220; type=&#8220;full_width&#8220; text_align=&#8220;left&#8220; background_animation=&#8220;none&#8220; css_animation=&#8220;&#8220;][vc_column][vc_column_text] [\/vc_column_text][vc_empty_space height=&#8220;10px&#8220;][\/vc_column][\/vc_row][vc_row row_type=&#8220;row&#8220; use_row_as_full_screen_section=&#8220;no&#8220; type=&#8220;full_width&#8220; text_align=&#8220;left&#8220; background_animation=&#8220;none&#8220; css_animation=&#8220;&#8220;][vc_column][vc_column_text] Menschen, nackt und sch\u00f6n Jeder Mensch ist sch\u00f6n, jeder K\u00f6rper\u00a0 hat etwas interessantes. Figurenzeichnen sind Anatomie- und Charakterstudien, die von au\u00dfen beginnen. Ich zeichne, was ich sehe und beschreibe Menschen,...\" \/>\n<meta property=\"og:url\" content=\"https:\/\/sabineroidl.de\/bilder_\/home\/bilder\/menschen-nackt-und-schoen\" \/>\n<meta property=\"og:site_name\" content=\"Sabine Roidl - Bilder und Texte\" \/>\n<meta property=\"article:modified_time\" content=\"2020-04-20T08:54:13+00:00\" \/>\n<meta name=\"twitter:card\" content=\"summary_large_image\" \/>\n<meta name=\"twitter:label1\" content=\"Gesch\u00e4tzte Lesezeit\" \/>\n\t<meta name=\"twitter:data1\" content=\"2\u00a0Minuten\" \/>\n<script type=\"application\/ld+json\" class=\"yoast-schema-graph\">{\"@context\":\"https:\\\/\\\/schema.org\",\"@graph\":[{\"@type\":\"WebPage\",\"@id\":\"https:\\\/\\\/sabineroidl.de\\\/bilder_\\\/home\\\/bilder\\\/menschen-nackt-und-schoen\",\"url\":\"https:\\\/\\\/sabineroidl.de\\\/bilder_\\\/home\\\/bilder\\\/menschen-nackt-und-schoen\",\"name\":\"Menschen, nackt und sch\u00f6n - Sabine Roidl - Bilder und Texte\",\"isPartOf\":{\"@id\":\"https:\\\/\\\/sabineroidl.de\\\/bilder_\\\/#website\"},\"datePublished\":\"2017-02-28T13:34:15+00:00\",\"dateModified\":\"2020-04-20T08:54:13+00:00\",\"breadcrumb\":{\"@id\":\"https:\\\/\\\/sabineroidl.de\\\/bilder_\\\/home\\\/bilder\\\/menschen-nackt-und-schoen#breadcrumb\"},\"inLanguage\":\"de\",\"potentialAction\":[{\"@type\":\"ReadAction\",\"target\":[\"https:\\\/\\\/sabineroidl.de\\\/bilder_\\\/home\\\/bilder\\\/menschen-nackt-und-schoen\"]}]},{\"@type\":\"BreadcrumbList\",\"@id\":\"https:\\\/\\\/sabineroidl.de\\\/bilder_\\\/home\\\/bilder\\\/menschen-nackt-und-schoen#breadcrumb\",\"itemListElement\":[{\"@type\":\"ListItem\",\"position\":1,\"name\":\"Startseite\",\"item\":\"https:\\\/\\\/sabineroidl.de\\\/bilder_\\\/\"},{\"@type\":\"ListItem\",\"position\":2,\"name\":\"Sabine Roidl\",\"item\":\"https:\\\/\\\/sabineroidl.de\\\/bilder_\\\/home\"},{\"@type\":\"ListItem\",\"position\":3,\"name\":\"Bilder\",\"item\":\"https:\\\/\\\/sabineroidl.de\\\/bilder_\\\/home\\\/bilder\"},{\"@type\":\"ListItem\",\"position\":4,\"name\":\"Menschen, nackt und sch\u00f6n\"}]},{\"@type\":\"WebSite\",\"@id\":\"https:\\\/\\\/sabineroidl.de\\\/bilder_\\\/#website\",\"url\":\"https:\\\/\\\/sabineroidl.de\\\/bilder_\\\/\",\"name\":\"Sabine Roidl - Bilder und Texte\",\"description\":\"Bilder und Texte\",\"potentialAction\":[{\"@type\":\"SearchAction\",\"target\":{\"@type\":\"EntryPoint\",\"urlTemplate\":\"https:\\\/\\\/sabineroidl.de\\\/bilder_\\\/?s={search_term_string}\"},\"query-input\":{\"@type\":\"PropertyValueSpecification\",\"valueRequired\":true,\"valueName\":\"search_term_string\"}}],\"inLanguage\":\"de\"}]}<\/script>\n<!-- \/ Yoast SEO plugin. -->","yoast_head_json":{"title":"Menschen, nackt und sch\u00f6n - Sabine Roidl - Bilder und Texte","robots":{"index":"index","follow":"follow","max-snippet":"max-snippet:-1","max-image-preview":"max-image-preview:large","max-video-preview":"max-video-preview:-1"},"canonical":"https:\/\/sabineroidl.de\/bilder_\/home\/bilder\/menschen-nackt-und-schoen","og_locale":"de_DE","og_type":"article","og_title":"Menschen, nackt und sch\u00f6n - Sabine Roidl - Bilder und Texte","og_description":"[vc_row row_type=&#8220;row&#8220; use_row_as_full_screen_section=&#8220;no&#8220; type=&#8220;full_width&#8220; text_align=&#8220;left&#8220; background_animation=&#8220;none&#8220; css_animation=&#8220;&#8220;][vc_column][vc_column_text] [\/vc_column_text][vc_empty_space height=&#8220;10px&#8220;][\/vc_column][\/vc_row][vc_row row_type=&#8220;row&#8220; use_row_as_full_screen_section=&#8220;no&#8220; type=&#8220;full_width&#8220; text_align=&#8220;left&#8220; background_animation=&#8220;none&#8220; css_animation=&#8220;&#8220;][vc_column][vc_column_text] Menschen, nackt und sch\u00f6n Jeder Mensch ist sch\u00f6n, jeder K\u00f6rper\u00a0 hat etwas interessantes. Figurenzeichnen sind Anatomie- und Charakterstudien, die von au\u00dfen beginnen. Ich zeichne, was ich sehe und beschreibe Menschen,...","og_url":"https:\/\/sabineroidl.de\/bilder_\/home\/bilder\/menschen-nackt-und-schoen","og_site_name":"Sabine Roidl - Bilder und Texte","article_modified_time":"2020-04-20T08:54:13+00:00","twitter_card":"summary_large_image","twitter_misc":{"Gesch\u00e4tzte Lesezeit":"2\u00a0Minuten"},"schema":{"@context":"https:\/\/schema.org","@graph":[{"@type":"WebPage","@id":"https:\/\/sabineroidl.de\/bilder_\/home\/bilder\/menschen-nackt-und-schoen","url":"https:\/\/sabineroidl.de\/bilder_\/home\/bilder\/menschen-nackt-und-schoen","name":"Menschen, nackt und sch\u00f6n - Sabine Roidl - Bilder und Texte","isPartOf":{"@id":"https:\/\/sabineroidl.de\/bilder_\/#website"},"datePublished":"2017-02-28T13:34:15+00:00","dateModified":"2020-04-20T08:54:13+00:00","breadcrumb":{"@id":"https:\/\/sabineroidl.de\/bilder_\/home\/bilder\/menschen-nackt-und-schoen#breadcrumb"},"inLanguage":"de","potentialAction":[{"@type":"ReadAction","target":["https:\/\/sabineroidl.de\/bilder_\/home\/bilder\/menschen-nackt-und-schoen"]}]},{"@type":"BreadcrumbList","@id":"https:\/\/sabineroidl.de\/bilder_\/home\/bilder\/menschen-nackt-und-schoen#breadcrumb","itemListElement":[{"@type":"ListItem","position":1,"name":"Startseite","item":"https:\/\/sabineroidl.de\/bilder_\/"},{"@type":"ListItem","position":2,"name":"Sabine Roidl","item":"https:\/\/sabineroidl.de\/bilder_\/home"},{"@type":"ListItem","position":3,"name":"Bilder","item":"https:\/\/sabineroidl.de\/bilder_\/home\/bilder"},{"@type":"ListItem","position":4,"name":"Menschen, nackt und sch\u00f6n"}]},{"@type":"WebSite","@id":"https:\/\/sabineroidl.de\/bilder_\/#website","url":"https:\/\/sabineroidl.de\/bilder_\/","name":"Sabine Roidl - Bilder und Texte","description":"Bilder und Texte","potentialAction":[{"@type":"SearchAction","target":{"@type":"EntryPoint","urlTemplate":"https:\/\/sabineroidl.de\/bilder_\/?s={search_term_string}"},"query-input":{"@type":"PropertyValueSpecification","valueRequired":true,"valueName":"search_term_string"}}],"inLanguage":"de"}]}},"amp_enabled":true,"_links":{"self":[{"href":"https:\/\/sabineroidl.de\/bilder_\/wp-json\/wp\/v2\/pages\/25179","targetHints":{"allow":["GET"]}}],"collection":[{"href":"https:\/\/sabineroidl.de\/bilder_\/wp-json\/wp\/v2\/pages"}],"about":[{"href":"https:\/\/sabineroidl.de\/bilder_\/wp-json\/wp\/v2\/types\/page"}],"author":[{"embeddable":true,"href":"https:\/\/sabineroidl.de\/bilder_\/wp-json\/wp\/v2\/users\/1"}],"replies":[{"embeddable":true,"href":"https:\/\/sabineroidl.de\/bilder_\/wp-json\/wp\/v2\/comments?post=25179"}],"version-history":[{"count":30,"href":"https:\/\/sabineroidl.de\/bilder_\/wp-json\/wp\/v2\/pages\/25179\/revisions"}],"predecessor-version":[{"id":27113,"href":"https:\/\/sabineroidl.de\/bilder_\/wp-json\/wp\/v2\/pages\/25179\/revisions\/27113"}],"up":[{"embeddable":true,"href":"https:\/\/sabineroidl.de\/bilder_\/wp-json\/wp\/v2\/pages\/23488"}],"wp:attachment":[{"href":"https:\/\/sabineroidl.de\/bilder_\/wp-json\/wp\/v2\/media?parent=25179"}],"curies":[{"name":"wp","href":"https:\/\/api.w.org\/{rel}","templated":true}]}}